{"id":1146,"date":"2023-11-14T02:30:39","date_gmt":"2023-11-14T02:30:39","guid":{"rendered":"https:\/\/montriego.com\/wp01\/?page_id=1146"},"modified":"2024-07-08T12:55:40","modified_gmt":"2024-07-08T12:55:40","slug":"clientes","status":"publish","type":"page","link":"https:\/\/montriego.com\/index.php\/clientes\/","title":{"rendered":"Clientes"},"content":{"rendered":"\t\t<div data-elementor-type=\"wp-page\" data-elementor-id=\"1146\" class=\"elementor elementor-1146\">\n\t\t\t\t\t\t\t\t\t<section class=\"elementor-section elementor-top-section elementor-element elementor-element-40cb4cd elementor-section-full_width elementor-hidden-tablet elementor-hidden-phone elementor-section-height-default elementor-section-height-default parallax_section_no qode_elementor_container_no\" data-id=\"40cb4cd\" data-element_type=\"section\">\n\t\t\t\t\t\t<div class=\"elementor-container elementor-column-gap-default\">\n\t\t\t\t\t<div class=\"elementor-column elementor-col-100 elementor-top-column elementor-element elementor-element-5bea6d8\" data-id=\"5bea6d8\" data-element_type=\"column\">\n\t\t\t<div class=\"elementor-widget-wrap elementor-element-populated\">\n\t\t\t\t\t\t\t\t<div class=\"elementor-element elementor-element-7df63cc elementor-widget elementor-widget-text-editor\" data-id=\"7df63cc\" data-element_type=\"widget\" data-widget_type=\"text-editor.default\">\n\t\t\t\t<div class=\"elementor-widget-container\">\n\t\t\t<style>\/*! elementor - v3.17.0 - 08-11-2023 *\/\n.elementor-widget-text-editor.elementor-drop-cap-view-stacked .elementor-drop-cap{background-color:#69727d;color:#fff}.elementor-widget-text-editor.elementor-drop-cap-view-framed .elementor-drop-cap{color:#69727d;border:3px solid;background-color:transparent}.elementor-widget-text-editor:not(.elementor-drop-cap-view-default) .elementor-drop-cap{margin-top:8px}.elementor-widget-text-editor:not(.elementor-drop-cap-view-default) .elementor-drop-cap-letter{width:1em;height:1em}.elementor-widget-text-editor .elementor-drop-cap{float:left;text-align:center;line-height:1;font-size:50px}.elementor-widget-text-editor .elementor-drop-cap-letter{display:inline-block}<\/style>\t\t\t\t<h1>Clientes<\/h1>\t\t\t\t\t\t<\/div>\n\t\t\t\t<\/div>\n\t\t\t\t\t<\/div>\n\t\t<\/div>\n\t\t\t\t\t\t\t<\/div>\n\t\t<\/section>\n\t\t\t\t<section class=\"elementor-section elementor-top-section elementor-element elementor-element-e9ef91c qode_elementor_container_inner elementor-section-boxed elementor-section-height-default elementor-section-height-default parallax_section_no\" data-id=\"e9ef91c\" data-element_type=\"section\">\n\t\t\t\t\t\t<div class=\"elementor-container elementor-column-gap-default\">\n\t\t\t\t\t<div class=\"elementor-column elementor-col-50 elementor-top-column elementor-element elementor-element-59e065a\" data-id=\"59e065a\" data-element_type=\"column\">\n\t\t\t<div class=\"elementor-widget-wrap elementor-element-populated\">\n\t\t\t\t\t\t\t\t<div class=\"elementor-element elementor-element-0668617 elementor-widget elementor-widget-text-editor\" data-id=\"0668617\" data-element_type=\"widget\" data-widget_type=\"text-editor.default\">\n\t\t\t\t<div class=\"elementor-widget-container\">\n\t\t\t\t\t\t\t<h3>Algunos de nuestros clientes<\/h3>\t\t\t\t\t\t<\/div>\n\t\t\t\t<\/div>\n\t\t\t\t\t<\/div>\n\t\t<\/div>\n\t\t\t\t<div class=\"elementor-column elementor-col-50 elementor-top-column elementor-element elementor-element-5011300\" data-id=\"5011300\" data-element_type=\"column\">\n\t\t\t<div class=\"elementor-widget-wrap elementor-element-populated\">\n\t\t\t\t\t\t\t\t<div class=\"elementor-element elementor-element-9222c8f elementor-widget elementor-widget-text-editor\" data-id=\"9222c8f\" data-element_type=\"widget\" data-widget_type=\"text-editor.default\">\n\t\t\t\t<div class=\"elementor-widget-container\">\n\t\t\t\t\t\t\t<p>Tenemos m\u00e1s de 10 a\u00f1os de trabajo junto y para empresas importantes de M\u00e9xico quienes pueden avalar la calidad de nuestro trabajo<\/p>\t\t\t\t\t\t<\/div>\n\t\t\t\t<\/div>\n\t\t\t\t\t<\/div>\n\t\t<\/div>\n\t\t\t\t\t\t\t<\/div>\n\t\t<\/section>\n\t\t<div class=\"elementor-element elementor-element-fa8ed13 e-flex e-con-boxed e-con e-parent\" data-id=\"fa8ed13\" data-element_type=\"container\" data-settings=\"{&quot;content_width&quot;:&quot;boxed&quot;}\" data-core-v316-plus=\"true\">\n\t\t\t\t\t<div class=\"e-con-inner\">\n\t\t<div class=\"elementor-element elementor-element-df5975f e-con-full e-flex e-con e-child\" data-id=\"df5975f\" data-element_type=\"container\" data-settings=\"{&quot;content_width&quot;:&quot;full&quot;}\">\n\t\t\t\t<div class=\"elementor-element elementor-element-cd63314 elementor-widget elementor-widget-image\" data-id=\"cd63314\" data-element_type=\"widget\" data-widget_type=\"image.default\">\n\t\t\t\t<div class=\"elementor-widget-container\">\n\t\t\t<style>\/*! elementor - v3.17.0 - 08-11-2023 *\/\n.elementor-widget-image{text-align:center}.elementor-widget-image a{display:inline-block}.elementor-widget-image a img[src$=\".svg\"]{width:48px}.elementor-widget-image img{vertical-align:middle;display:inline-block}<\/style>\t\t\t\t\t\t\t\t\t\t\t\t<img fetchpriority=\"high\" decoding=\"async\" width=\"357\" height=\"357\" src=\"https:\/\/montriego.com\/wp01\/wp-content\/uploads\/2023\/11\/web-12.png\" class=\"attachment-full size-full wp-image-1158\" alt=\"\" srcset=\"https:\/\/montriego.com\/wp01\/wp-content\/uploads\/2023\/11\/web-12.png 357w, https:\/\/montriego.com\/wp01\/wp-content\/uploads\/2023\/11\/web-12-300x300.png 300w, https:\/\/montriego.com\/wp01\/wp-content\/uploads\/2023\/11\/web-12-150x150.png 150w\" sizes=\"(max-width: 357px) 100vw, 357px\" \/>\t\t\t\t\t\t\t\t\t\t\t\t\t\t\t<\/div>\n\t\t\t\t<\/div>\n\t\t\t\t<\/div>\n\t\t<div class=\"elementor-element elementor-element-b2f6352 e-con-full e-flex e-con e-child\" data-id=\"b2f6352\" data-element_type=\"container\" data-settings=\"{&quot;content_width&quot;:&quot;full&quot;}\">\n\t\t\t\t<div class=\"elementor-element elementor-element-34b0156 elementor-widget elementor-widget-image\" data-id=\"34b0156\" data-element_type=\"widget\" data-widget_type=\"image.default\">\n\t\t\t\t<div class=\"elementor-widget-container\">\n\t\t\t\t\t\t\t\t\t\t\t\t\t\t\t<img decoding=\"async\" width=\"357\" height=\"357\" src=\"https:\/\/montriego.com\/wp01\/wp-content\/uploads\/2023\/11\/web-13.png\" class=\"attachment-full size-full wp-image-1157\" alt=\"\" srcset=\"https:\/\/montriego.com\/wp01\/wp-content\/uploads\/2023\/11\/web-13.png 357w, https:\/\/montriego.com\/wp01\/wp-content\/uploads\/2023\/11\/web-13-300x300.png 300w, https:\/\/montriego.com\/wp01\/wp-content\/uploads\/2023\/11\/web-13-150x150.png 150w\" sizes=\"(max-width: 357px) 100vw, 357px\" \/>\t\t\t\t\t\t\t\t\t\t\t\t\t\t\t<\/div>\n\t\t\t\t<\/div>\n\t\t\t\t<\/div>\n\t\t<div class=\"elementor-element elementor-element-5deaa66 e-con-full e-flex e-con e-child\" data-id=\"5deaa66\" data-element_type=\"container\" data-settings=\"{&quot;content_width&quot;:&quot;full&quot;}\">\n\t\t\t\t<div class=\"elementor-element elementor-element-db5b5b4 elementor-widget elementor-widget-image\" data-id=\"db5b5b4\" data-element_type=\"widget\" data-widget_type=\"image.default\">\n\t\t\t\t<div class=\"elementor-widget-container\">\n\t\t\t\t\t\t\t\t\t\t\t\t\t\t\t<img decoding=\"async\" width=\"358\" height=\"357\" src=\"https:\/\/montriego.com\/wp01\/wp-content\/uploads\/2023\/11\/web-14.png\" class=\"attachment-full size-full wp-image-1156\" alt=\"\" srcset=\"https:\/\/montriego.com\/wp01\/wp-content\/uploads\/2023\/11\/web-14.png 358w, https:\/\/montriego.com\/wp01\/wp-content\/uploads\/2023\/11\/web-14-300x300.png 300w, https:\/\/montriego.com\/wp01\/wp-content\/uploads\/2023\/11\/web-14-150x150.png 150w\" sizes=\"(max-width: 358px) 100vw, 358px\" \/>\t\t\t\t\t\t\t\t\t\t\t\t\t\t\t<\/div>\n\t\t\t\t<\/div>\n\t\t\t\t<\/div>\n\t\t<div class=\"elementor-element elementor-element-a455169 e-con-full e-flex e-con e-child\" data-id=\"a455169\" data-element_type=\"container\" data-settings=\"{&quot;content_width&quot;:&quot;full&quot;}\">\n\t\t\t\t<div class=\"elementor-element elementor-element-089d409 elementor-widget elementor-widget-image\" data-id=\"089d409\" data-element_type=\"widget\" data-widget_type=\"image.default\">\n\t\t\t\t<div class=\"elementor-widget-container\">\n\t\t\t\t\t\t\t\t\t\t\t\t\t\t\t<img loading=\"lazy\" decoding=\"async\" width=\"357\" height=\"357\" src=\"https:\/\/montriego.com\/wp01\/wp-content\/uploads\/2023\/11\/web-15.png\" class=\"attachment-full size-full wp-image-1155\" alt=\"\" srcset=\"https:\/\/montriego.com\/wp01\/wp-content\/uploads\/2023\/11\/web-15.png 357w, https:\/\/montriego.com\/wp01\/wp-content\/uploads\/2023\/11\/web-15-300x300.png 300w, https:\/\/montriego.com\/wp01\/wp-content\/uploads\/2023\/11\/web-15-150x150.png 150w\" sizes=\"(max-width: 357px) 100vw, 357px\" \/>\t\t\t\t\t\t\t\t\t\t\t\t\t\t\t<\/div>\n\t\t\t\t<\/div>\n\t\t\t\t<\/div>\n\t\t<div class=\"elementor-element elementor-element-34e420c e-con-full e-flex e-con e-child\" data-id=\"34e420c\" data-element_type=\"container\" data-settings=\"{&quot;content_width&quot;:&quot;full&quot;}\">\n\t\t\t\t<div class=\"elementor-element elementor-element-9fb2193 elementor-widget elementor-widget-image\" data-id=\"9fb2193\" data-element_type=\"widget\" data-widget_type=\"image.default\">\n\t\t\t\t<div class=\"elementor-widget-container\">\n\t\t\t\t\t\t\t\t\t\t\t\t\t\t\t<img loading=\"lazy\" decoding=\"async\" width=\"357\" height=\"358\" src=\"https:\/\/montriego.com\/wp01\/wp-content\/uploads\/2023\/11\/web-16.png\" class=\"attachment-full size-full wp-image-1154\" alt=\"\" srcset=\"https:\/\/montriego.com\/wp01\/wp-content\/uploads\/2023\/11\/web-16.png 357w, https:\/\/montriego.com\/wp01\/wp-content\/uploads\/2023\/11\/web-16-300x300.png 300w, https:\/\/montriego.com\/wp01\/wp-content\/uploads\/2023\/11\/web-16-150x150.png 150w\" sizes=\"(max-width: 357px) 100vw, 357px\" \/>\t\t\t\t\t\t\t\t\t\t\t\t\t\t\t<\/div>\n\t\t\t\t<\/div>\n\t\t\t\t<\/div>\n\t\t\t\t\t<\/div>\n\t\t\t\t<\/div>\n\t\t<div class=\"elementor-element elementor-element-68c6f90 e-flex e-con-boxed e-con e-parent\" data-id=\"68c6f90\" data-element_type=\"container\" data-settings=\"{&quot;content_width&quot;:&quot;boxed&quot;}\" data-core-v316-plus=\"true\">\n\t\t\t\t\t<div class=\"e-con-inner\">\n\t\t<div class=\"elementor-element elementor-element-e4a633f e-con-full e-flex e-con e-child\" data-id=\"e4a633f\" data-element_type=\"container\" data-settings=\"{&quot;content_width&quot;:&quot;full&quot;}\">\n\t\t\t\t<div class=\"elementor-element elementor-element-9800e42 elementor-widget elementor-widget-image\" data-id=\"9800e42\" data-element_type=\"widget\" data-widget_type=\"image.default\">\n\t\t\t\t<div class=\"elementor-widget-container\">\n\t\t\t\t\t\t\t\t\t\t\t\t\t\t\t<img loading=\"lazy\" decoding=\"async\" width=\"357\" height=\"357\" src=\"https:\/\/montriego.com\/wp01\/wp-content\/uploads\/2023\/11\/web-17.png\" class=\"attachment-full size-full wp-image-1153\" alt=\"\" srcset=\"https:\/\/montriego.com\/wp01\/wp-content\/uploads\/2023\/11\/web-17.png 357w, https:\/\/montriego.com\/wp01\/wp-content\/uploads\/2023\/11\/web-17-300x300.png 300w, https:\/\/montriego.com\/wp01\/wp-content\/uploads\/2023\/11\/web-17-150x150.png 150w\" sizes=\"(max-width: 357px) 100vw, 357px\" \/>\t\t\t\t\t\t\t\t\t\t\t\t\t\t\t<\/div>\n\t\t\t\t<\/div>\n\t\t\t\t<\/div>\n\t\t<div class=\"elementor-element elementor-element-b502df9 e-con-full e-flex e-con e-child\" data-id=\"b502df9\" data-element_type=\"container\" data-settings=\"{&quot;content_width&quot;:&quot;full&quot;}\">\n\t\t\t\t<div class=\"elementor-element elementor-element-d72a6df elementor-widget elementor-widget-image\" data-id=\"d72a6df\" data-element_type=\"widget\" data-widget_type=\"image.default\">\n\t\t\t\t<div class=\"elementor-widget-container\">\n\t\t\t\t\t\t\t\t\t\t\t\t\t\t\t<img loading=\"lazy\" decoding=\"async\" width=\"357\" height=\"358\" src=\"https:\/\/montriego.com\/wp01\/wp-content\/uploads\/2023\/11\/web-18.png\" class=\"attachment-full size-full wp-image-1152\" alt=\"\" srcset=\"https:\/\/montriego.com\/wp01\/wp-content\/uploads\/2023\/11\/web-18.png 357w, https:\/\/montriego.com\/wp01\/wp-content\/uploads\/2023\/11\/web-18-300x300.png 300w, https:\/\/montriego.com\/wp01\/wp-content\/uploads\/2023\/11\/web-18-150x150.png 150w\" sizes=\"(max-width: 357px) 100vw, 357px\" \/>\t\t\t\t\t\t\t\t\t\t\t\t\t\t\t<\/div>\n\t\t\t\t<\/div>\n\t\t\t\t<\/div>\n\t\t<div class=\"elementor-element elementor-element-a579a98 e-con-full e-flex e-con e-child\" data-id=\"a579a98\" data-element_type=\"container\" data-settings=\"{&quot;content_width&quot;:&quot;full&quot;}\">\n\t\t\t\t<div class=\"elementor-element elementor-element-080f7cf elementor-widget elementor-widget-image\" data-id=\"080f7cf\" data-element_type=\"widget\" data-widget_type=\"image.default\">\n\t\t\t\t<div class=\"elementor-widget-container\">\n\t\t\t\t\t\t\t\t\t\t\t\t\t\t\t<img loading=\"lazy\" decoding=\"async\" width=\"357\" height=\"357\" src=\"https:\/\/montriego.com\/wp01\/wp-content\/uploads\/2023\/11\/web-19.png\" class=\"attachment-full size-full wp-image-1151\" alt=\"\" srcset=\"https:\/\/montriego.com\/wp01\/wp-content\/uploads\/2023\/11\/web-19.png 357w, https:\/\/montriego.com\/wp01\/wp-content\/uploads\/2023\/11\/web-19-300x300.png 300w, https:\/\/montriego.com\/wp01\/wp-content\/uploads\/2023\/11\/web-19-150x150.png 150w\" sizes=\"(max-width: 357px) 100vw, 357px\" \/>\t\t\t\t\t\t\t\t\t\t\t\t\t\t\t<\/div>\n\t\t\t\t<\/div>\n\t\t\t\t<\/div>\n\t\t<div class=\"elementor-element elementor-element-4bd1f7c e-con-full e-flex e-con e-child\" data-id=\"4bd1f7c\" data-element_type=\"container\" data-settings=\"{&quot;content_width&quot;:&quot;full&quot;}\">\n\t\t\t\t<div class=\"elementor-element elementor-element-1781d0a elementor-widget elementor-widget-image\" data-id=\"1781d0a\" data-element_type=\"widget\" data-widget_type=\"image.default\">\n\t\t\t\t<div class=\"elementor-widget-container\">\n\t\t\t\t\t\t\t\t\t\t\t\t\t\t\t<img loading=\"lazy\" decoding=\"async\" width=\"357\" height=\"357\" src=\"https:\/\/montriego.com\/wp01\/wp-content\/uploads\/2023\/11\/web-20.png\" class=\"attachment-full size-full wp-image-1150\" alt=\"\" srcset=\"https:\/\/montriego.com\/wp01\/wp-content\/uploads\/2023\/11\/web-20.png 357w, https:\/\/montriego.com\/wp01\/wp-content\/uploads\/2023\/11\/web-20-300x300.png 300w, https:\/\/montriego.com\/wp01\/wp-content\/uploads\/2023\/11\/web-20-150x150.png 150w\" sizes=\"(max-width: 357px) 100vw, 357px\" \/>\t\t\t\t\t\t\t\t\t\t\t\t\t\t\t<\/div>\n\t\t\t\t<\/div>\n\t\t\t\t<\/div>\n\t\t<div class=\"elementor-element elementor-element-c137ef3 e-con-full e-flex e-con e-child\" data-id=\"c137ef3\" data-element_type=\"container\" data-settings=\"{&quot;content_width&quot;:&quot;full&quot;}\">\n\t\t\t\t<div class=\"elementor-element elementor-element-745f8b4 elementor-widget elementor-widget-image\" data-id=\"745f8b4\" data-element_type=\"widget\" data-widget_type=\"image.default\">\n\t\t\t\t<div class=\"elementor-widget-container\">\n\t\t\t\t\t\t\t\t\t\t\t\t\t\t\t<img loading=\"lazy\" decoding=\"async\" width=\"357\" height=\"357\" src=\"https:\/\/montriego.com\/wp01\/wp-content\/uploads\/2023\/11\/web-11.png\" class=\"attachment-full size-full wp-image-1149\" alt=\"\" srcset=\"https:\/\/montriego.com\/wp01\/wp-content\/uploads\/2023\/11\/web-11.png 357w, https:\/\/montriego.com\/wp01\/wp-content\/uploads\/2023\/11\/web-11-300x300.png 300w, https:\/\/montriego.com\/wp01\/wp-content\/uploads\/2023\/11\/web-11-150x150.png 150w\" sizes=\"(max-width: 357px) 100vw, 357px\" \/>\t\t\t\t\t\t\t\t\t\t\t\t\t\t\t<\/div>\n\t\t\t\t<\/div>\n\t\t\t\t<\/div>\n\t\t\t\t\t<\/div>\n\t\t\t\t<\/div>\n\t\t<div class=\"elementor-element elementor-element-996cc14 e-flex e-con-boxed e-con e-parent\" data-id=\"996cc14\" data-element_type=\"container\" data-settings=\"{&quot;content_width&quot;:&quot;boxed&quot;}\" data-core-v316-plus=\"true\">\n\t\t\t\t\t<div class=\"e-con-inner\">\n\t\t<div class=\"elementor-element elementor-element-4080e52 e-con-full e-flex e-con e-child\" data-id=\"4080e52\" data-element_type=\"container\" data-settings=\"{&quot;content_width&quot;:&quot;full&quot;}\">\n\t\t\t\t<div class=\"elementor-element elementor-element-590d2f0 elementor-widget elementor-widget-image\" data-id=\"590d2f0\" data-element_type=\"widget\" data-widget_type=\"image.default\">\n\t\t\t\t<div class=\"elementor-widget-container\">\n\t\t\t\t\t\t\t\t\t\t\t\t\t\t\t<img loading=\"lazy\" decoding=\"async\" width=\"357\" height=\"357\" src=\"https:\/\/montriego.com\/wp01\/wp-content\/uploads\/2023\/11\/web-10.png\" class=\"attachment-full size-full wp-image-1148\" alt=\"\" srcset=\"https:\/\/montriego.com\/wp01\/wp-content\/uploads\/2023\/11\/web-10.png 357w, https:\/\/montriego.com\/wp01\/wp-content\/uploads\/2023\/11\/web-10-300x300.png 300w, https:\/\/montriego.com\/wp01\/wp-content\/uploads\/2023\/11\/web-10-150x150.png 150w\" sizes=\"(max-width: 357px) 100vw, 357px\" \/>\t\t\t\t\t\t\t\t\t\t\t\t\t\t\t<\/div>\n\t\t\t\t<\/div>\n\t\t\t\t<\/div>\n\t\t<div class=\"elementor-element elementor-element-810c373 e-con-full e-flex e-con e-child\" data-id=\"810c373\" data-element_type=\"container\" data-settings=\"{&quot;content_width&quot;:&quot;full&quot;}\">\n\t\t\t\t<div class=\"elementor-element elementor-element-1ef6414 elementor-widget elementor-widget-image\" data-id=\"1ef6414\" data-element_type=\"widget\" data-widget_type=\"image.default\">\n\t\t\t\t<div class=\"elementor-widget-container\">\n\t\t\t\t\t\t\t\t\t\t\t\t\t\t\t<img loading=\"lazy\" decoding=\"async\" width=\"357\" height=\"357\" src=\"https:\/\/montriego.com\/wp01\/wp-content\/uploads\/2024\/06\/web-logo.jpg\" class=\"attachment-large size-large wp-image-1410\" alt=\"\" srcset=\"https:\/\/montriego.com\/wp01\/wp-content\/uploads\/2024\/06\/web-logo.jpg 357w, https:\/\/montriego.com\/wp01\/wp-content\/uploads\/2024\/06\/web-logo-300x300.jpg 300w, https:\/\/montriego.com\/wp01\/wp-content\/uploads\/2024\/06\/web-logo-150x150.jpg 150w\" sizes=\"(max-width: 357px) 100vw, 357px\" \/>\t\t\t\t\t\t\t\t\t\t\t\t\t\t\t<\/div>\n\t\t\t\t<\/div>\n\t\t\t\t<\/div>\n\t\t<div class=\"elementor-element elementor-element-9dee2f3 e-con-full e-flex e-con e-child\" data-id=\"9dee2f3\" data-element_type=\"container\" data-settings=\"{&quot;content_width&quot;:&quot;full&quot;}\">\n\t\t\t\t<div class=\"elementor-element elementor-element-6362e39 elementor-widget elementor-widget-image\" data-id=\"6362e39\" data-element_type=\"widget\" data-widget_type=\"image.default\">\n\t\t\t\t<div class=\"elementor-widget-container\">\n\t\t\t\t\t\t\t\t\t\t\t\t\t\t\t<img loading=\"lazy\" decoding=\"async\" width=\"357\" height=\"357\" src=\"https:\/\/montriego.com\/wp01\/wp-content\/uploads\/2024\/06\/web-logo-2.jpg\" class=\"attachment-large size-large wp-image-1411\" alt=\"\" srcset=\"https:\/\/montriego.com\/wp01\/wp-content\/uploads\/2024\/06\/web-logo-2.jpg 357w, https:\/\/montriego.com\/wp01\/wp-content\/uploads\/2024\/06\/web-logo-2-300x300.jpg 300w, https:\/\/montriego.com\/wp01\/wp-content\/uploads\/2024\/06\/web-logo-2-150x150.jpg 150w\" sizes=\"(max-width: 357px) 100vw, 357px\" \/>\t\t\t\t\t\t\t\t\t\t\t\t\t\t\t<\/div>\n\t\t\t\t<\/div>\n\t\t\t\t<\/div>\n\t\t<div class=\"elementor-element elementor-element-c148921 e-con-full e-flex e-con e-child\" data-id=\"c148921\" data-element_type=\"container\" data-settings=\"{&quot;content_width&quot;:&quot;full&quot;}\">\n\t\t\t\t<div class=\"elementor-element elementor-element-8de7b81 elementor-widget elementor-widget-image\" data-id=\"8de7b81\" data-element_type=\"widget\" data-widget_type=\"image.default\">\n\t\t\t\t<div class=\"elementor-widget-container\">\n\t\t\t\t\t\t\t\t\t\t\t\t\t\t\t<img loading=\"lazy\" decoding=\"async\" width=\"357\" height=\"357\" src=\"https:\/\/montriego.com\/wp01\/wp-content\/uploads\/2024\/06\/web-logo-3.jpg\" class=\"attachment-large size-large wp-image-1412\" alt=\"\" srcset=\"https:\/\/montriego.com\/wp01\/wp-content\/uploads\/2024\/06\/web-logo-3.jpg 357w, https:\/\/montriego.com\/wp01\/wp-content\/uploads\/2024\/06\/web-logo-3-300x300.jpg 300w, https:\/\/montriego.com\/wp01\/wp-content\/uploads\/2024\/06\/web-logo-3-150x150.jpg 150w\" sizes=\"(max-width: 357px) 100vw, 357px\" \/>\t\t\t\t\t\t\t\t\t\t\t\t\t\t\t<\/div>\n\t\t\t\t<\/div>\n\t\t\t\t<\/div>\n\t\t<div class=\"elementor-element elementor-element-934bd49 e-con-full e-flex e-con e-child\" data-id=\"934bd49\" data-element_type=\"container\" data-settings=\"{&quot;content_width&quot;:&quot;full&quot;}\">\n\t\t\t\t<div class=\"elementor-element elementor-element-7846014 elementor-widget elementor-widget-image\" data-id=\"7846014\" data-element_type=\"widget\" data-widget_type=\"image.default\">\n\t\t\t\t<div class=\"elementor-widget-container\">\n\t\t\t\t\t\t\t\t\t\t\t\t\t\t\t<img loading=\"lazy\" decoding=\"async\" width=\"357\" height=\"357\" src=\"https:\/\/montriego.com\/wp01\/wp-content\/uploads\/2024\/06\/web-logo-4.jpg\" class=\"attachment-large size-large wp-image-1413\" alt=\"\" srcset=\"https:\/\/montriego.com\/wp01\/wp-content\/uploads\/2024\/06\/web-logo-4.jpg 357w, https:\/\/montriego.com\/wp01\/wp-content\/uploads\/2024\/06\/web-logo-4-300x300.jpg 300w, https:\/\/montriego.com\/wp01\/wp-content\/uploads\/2024\/06\/web-logo-4-150x150.jpg 150w\" sizes=\"(max-width: 357px) 100vw, 357px\" \/>\t\t\t\t\t\t\t\t\t\t\t\t\t\t\t<\/div>\n\t\t\t\t<\/div>\n\t\t\t\t<\/div>\n\t\t\t\t\t<\/div>\n\t\t\t\t<\/div>\n\t\t<div class=\"elementor-element elementor-element-ec08827 e-flex e-con-boxed e-con e-parent\" data-id=\"ec08827\" data-element_type=\"container\" data-settings=\"{&quot;content_width&quot;:&quot;boxed&quot;}\" data-core-v316-plus=\"true\">\n\t\t\t\t\t<div class=\"e-con-inner\">\n\t\t\t\t<div class=\"elementor-element elementor-element-591afba elementor-widget elementor-widget-spacer\" data-id=\"591afba\" data-element_type=\"widget\" data-widget_type=\"spacer.default\">\n\t\t\t\t<div class=\"elementor-widget-container\">\n\t\t\t<style>\/*! elementor - v3.17.0 - 08-11-2023 *\/\n.elementor-column .elementor-spacer-inner{height:var(--spacer-size)}.e-con{--container-widget-width:100%}.e-con-inner>.elementor-widget-spacer,.e-con>.elementor-widget-spacer{width:var(--container-widget-width,var(--spacer-size));--align-self:var(--container-widget-align-self,initial);--flex-shrink:0}.e-con-inner>.elementor-widget-spacer>.elementor-widget-container,.e-con>.elementor-widget-spacer>.elementor-widget-container{height:100%;width:100%}.e-con-inner>.elementor-widget-spacer>.elementor-widget-container>.elementor-spacer,.e-con>.elementor-widget-spacer>.elementor-widget-container>.elementor-spacer{height:100%}.e-con-inner>.elementor-widget-spacer>.elementor-widget-container>.elementor-spacer>.elementor-spacer-inner,.e-con>.elementor-widget-spacer>.elementor-widget-container>.elementor-spacer>.elementor-spacer-inner{height:var(--container-widget-height,var(--spacer-size))}.e-con-inner>.elementor-widget-spacer.elementor-widget-empty,.e-con>.elementor-widget-spacer.elementor-widget-empty{position:relative;min-height:22px;min-width:22px}.e-con-inner>.elementor-widget-spacer.elementor-widget-empty .elementor-widget-empty-icon,.e-con>.elementor-widget-spacer.elementor-widget-empty .elementor-widget-empty-icon{position:absolute;top:0;bottom:0;left:0;right:0;margin:auto;padding:0;width:22px;height:22px}<\/style>\t\t<div class=\"elementor-spacer\">\n\t\t\t<div class=\"elementor-spacer-inner\"><\/div>\n\t\t<\/div>\n\t\t\t\t<\/div>\n\t\t\t\t<\/div>\n\t\t\t\t\t<\/div>\n\t\t\t\t<\/div>\n\t\t\t\t\t\t\t<\/div>\n\t\t","protected":false},"excerpt":{"rendered":"<p>Clientes Algunos de nuestros clientes Tenemos m\u00e1s de 10 a\u00f1os de trabajo junto y para empresas importantes de M\u00e9xico quienes pueden avalar la calidad de nuestro trabajo<\/p>\n","protected":false},"author":1,"featured_media":0,"parent":0,"menu_order":0,"comment_status":"closed","ping_status":"closed","template":"full_width.php","meta":{"footnotes":""},"_links":{"self":[{"href":"https:\/\/montriego.com\/index.php\/wp-json\/wp\/v2\/pages\/1146"}],"collection":[{"href":"https:\/\/montriego.com\/index.php\/wp-json\/wp\/v2\/pages"}],"about":[{"href":"https:\/\/montriego.com\/index.php\/wp-json\/wp\/v2\/types\/page"}],"author":[{"embeddable":true,"href":"https:\/\/montriego.com\/index.php\/wp-json\/wp\/v2\/users\/1"}],"replies":[{"embeddable":true,"href":"https:\/\/montriego.com\/index.php\/wp-json\/wp\/v2\/comments?post=1146"}],"version-history":[{"count":13,"href":"https:\/\/montriego.com\/index.php\/wp-json\/wp\/v2\/pages\/1146\/revisions"}],"predecessor-version":[{"id":1664,"href":"https:\/\/montriego.com\/index.php\/wp-json\/wp\/v2\/pages\/1146\/revisions\/1664"}],"wp:attachment":[{"href":"https:\/\/montriego.com\/index.php\/wp-json\/wp\/v2\/media?parent=1146"}],"curies":[{"name":"wp","href":"https:\/\/api.w.org\/{rel}","templated":true}]}}